{"id":272,"date":"2023-08-15T16:47:36","date_gmt":"2023-08-15T15:47:36","guid":{"rendered":"https:\/\/ml-advocats.com\/?page_id=272"},"modified":"2025-06-17T15:46:09","modified_gmt":"2025-06-17T14:46:09","slug":"miembros","status":"publish","type":"page","link":"https:\/\/ml-advocats.com\/index.php\/es\/miembros\/","title":{"rendered":"Miembros"},"content":{"rendered":"<p>&nbsp;<\/p>\n\n\n<hr class=\"wp-block-separator has-alpha-channel-opacity\"\/>\n\n\n<p>&nbsp;<\/p>\n\n<div class=\"wp-block-image\">\n<figure class=\"alignright size-full is-resized\"><img loading=\"lazy\" decoding=\"async\" width=\"786\" height=\"1024\" src=\"https:\/\/ml-advocats.com\/wp-content\/uploads\/2023\/05\/1684873024991.jpg\" alt=\"\" class=\"wp-image-201\" style=\"width:416px;height:537px\" srcset=\"https:\/\/ml-advocats.com\/wp-content\/uploads\/2023\/05\/1684873024991.jpg 786w, https:\/\/ml-advocats.com\/wp-content\/uploads\/2023\/05\/1684873024991-230x300.jpg 230w, https:\/\/ml-advocats.com\/wp-content\/uploads\/2023\/05\/1684873024991-768x1001.jpg 768w\" sizes=\"auto, (max-width: 786px) 100vw, 786px\" \/><\/figure>\n<\/div>\n\n\n<h2 class=\"wp-block-heading has-text-align-center\">Maria Isabel Lafoz J\u00f3dar<\/h2>\n\n\n\n<p class=\"has-text-align-center\">Abogada y Mediadora<\/p>\n\n\n\n<p>Abogada inscrita en el Colegio de Abogados de Andorra con num. 183<\/p>\n\n\n\n<p>Mediadora inscrita en el Registro de Mediadores del Gobierno de Andorra con num. 7\/2019<\/p>\n\n\n\n<p><strong><em>Maitrise en Droit Priv\u00e9 <\/em><\/strong><strong><em>mention<\/em><\/strong><strong><em> Droit des\n      Affaires<\/em><\/strong> a l\u2019Universit\u00e9 des Sciences Sociales de Toulouse (1990)<\/p>\n\n\n\n<p>Ha desarrollado una carrera profesional en el Servicio de Polic\u00eda de Andorra en las escalas ejecutiva y superior (mayo 1991 a diciembre 2015)<\/p>\n\n\n\n<p>Postgrado en Derecho de la Infancia y el Desarrollo &#8211; a\u00f1o 2006 (Universidad de Andorra &#8211; Unicef)<\/p>\n\n\n\n<p>Postgrado en Derecho Andorrano \u2013 a\u00f1o 2009 (Universidad de Andorra)<\/p>\n\n\n\n<p>Postgrado en Fiscalidad &#8211; a\u00f1o 2018 (Universidad de Andorra &#8211; Universidad Pompeu Fabra)<\/p>\n\n\n\n<p>Postgrado en Mediaci\u00f3n &#8211; a\u00f1o 2019 (Universidad de Andorra &#8211; Consejo de la Abogac\u00eda de Catalu\u00f1a)<\/p>\n\n\n\n<p>Actualmente en curso Master en Derecho Mar\u00edtimo \u2013 Universidad Abad Oliva (Barcelona)<\/p>\n\n\n\n<p><\/p>\n\n\n\n<p>Jefe de delegaci\u00f3n en representaci\u00f3n de Andorra en el GRECO (Grupo de Estados contra la Corrupci\u00f3n) del Consejo de Europa \u2013 junio 2007 a septiembre 2009<\/p>\n\n\n<p>&nbsp;<\/p>","protected":false},"excerpt":{"rendered":"<p>&nbsp; &nbsp; Maria Isabel Lafoz J\u00f3dar Abogada y Mediadora Abogada inscrita en el Colegio de Abogados de Andorra con num. 183 Mediadora inscrita en el Registro de Mediadores del Gobierno de Andorra con num. 7\/2019 Maitrise en Droit Priv\u00e9 mention Droit des Affaires a l\u2019Universit\u00e9 des Sciences Sociales de Toulouse [&hellip;]<\/p>\n","protected":false},"author":1,"featured_media":0,"parent":0,"menu_order":0,"comment_status":"closed","ping_status":"closed","template":"","meta":{"ub_ctt_via":"","footnotes":""},"class_list":["post-272","page","type-page","status-publish","hentry"],"featured_image_src":null,"_links":{"self":[{"href":"https:\/\/ml-advocats.com\/index.php\/wp-json\/wp\/v2\/pages\/272","targetHints":{"allow":["GET"]}}],"collection":[{"href":"https:\/\/ml-advocats.com\/index.php\/wp-json\/wp\/v2\/pages"}],"about":[{"href":"https:\/\/ml-advocats.com\/index.php\/wp-json\/wp\/v2\/types\/page"}],"author":[{"embeddable":true,"href":"https:\/\/ml-advocats.com\/index.php\/wp-json\/wp\/v2\/users\/1"}],"replies":[{"embeddable":true,"href":"https:\/\/ml-advocats.com\/index.php\/wp-json\/wp\/v2\/comments?post=272"}],"version-history":[{"count":4,"href":"https:\/\/ml-advocats.com\/index.php\/wp-json\/wp\/v2\/pages\/272\/revisions"}],"predecessor-version":[{"id":334,"href":"https:\/\/ml-advocats.com\/index.php\/wp-json\/wp\/v2\/pages\/272\/revisions\/334"}],"wp:attachment":[{"href":"https:\/\/ml-advocats.com\/index.php\/wp-json\/wp\/v2\/media?parent=272"}],"curies":[{"name":"wp","href":"https:\/\/api.w.org\/{rel}","templated":true}]}}