{"id":284,"date":"2023-08-15T17:06:55","date_gmt":"2023-08-15T16:06:55","guid":{"rendered":"https:\/\/ml-advocats.com\/?page_id=284"},"modified":"2025-06-17T15:46:41","modified_gmt":"2025-06-17T14:46:41","slug":"membres-2","status":"publish","type":"page","link":"https:\/\/ml-advocats.com\/index.php\/fr\/membres-2\/","title":{"rendered":"Membres"},"content":{"rendered":"\n\n\n<hr class=\"wp-block-separator has-alpha-channel-opacity\"\/>\n\n\n<p>&nbsp;<\/p>\n\n<div class=\"wp-block-image\">\n<figure class=\"alignright size-full is-resized\"><img loading=\"lazy\" decoding=\"async\" width=\"786\" height=\"1024\" src=\"https:\/\/ml-advocats.com\/wp-content\/uploads\/2023\/05\/1684873024991.jpg\" alt=\"\" class=\"wp-image-201\" style=\"width:416px;height:537px\" srcset=\"https:\/\/ml-advocats.com\/wp-content\/uploads\/2023\/05\/1684873024991.jpg 786w, https:\/\/ml-advocats.com\/wp-content\/uploads\/2023\/05\/1684873024991-230x300.jpg 230w, https:\/\/ml-advocats.com\/wp-content\/uploads\/2023\/05\/1684873024991-768x1001.jpg 768w\" sizes=\"auto, (max-width: 786px) 100vw, 786px\" \/><\/figure>\n<\/div>\n\n\n<h2 class=\"wp-block-heading has-text-align-center\">Maria Isabel Lafoz J\u00f3dar<\/h2>\n\n\n\n<p class=\"has-text-align-center\">Avocate et M\u00e9diatrice<\/p>\n\n\n\n<p>Avocate inscrite au Barreau d&#8217;Andorre sous le no. 183<\/p>\n\n\n\n<p>M\u00e9diatrice inscrite au Registre des M\u00e9diateurs du Gouvernement d&#8217;Andorre sous le no. 7\/2019<\/p>\n\n\n\n<p><strong><em>Maitrise en Droit Priv\u00e9 <\/em><\/strong><strong><em>mention<\/em><\/strong><strong><em> Droit des Affaires<\/em><\/strong> a l\u2019Universit\u00e9 des Sciences Sociales de Toulouse (1990)<\/p>\n\n\n\n<p>Elle a d\u00e9velopp\u00e9 une carri\u00e8re professionnelle dans le service de police andorran aux niveaux ex\u00e9cutif et sup\u00e9rieur (mai 1991 \u00e0 d\u00e9cembre 2015)<\/p>\n\n\n\n<p>Master en droit de l&#8217;enfant et du d\u00e9veloppement &#8211; ann\u00e9e 2006 (Universit\u00e9 d&#8217;Andorre &#8211; Unicef)<\/p>\n\n\n\n<p>Master en droit andorran \u2013 ann\u00e9e 2009 (Universit\u00e9 d&#8217;Andorre)<\/p>\n\n\n\n<p>Postgraduate en Fiscalit\u00e9 &#8211; ann\u00e9e 2018 (Universit\u00e9 d&#8217;Andorre &#8211; Universit\u00e9 Pompeu Fabra)<\/p>\n\n\n\n<p>Postgraduate en M\u00e9diation \u2013 ann\u00e9e 2019 (Universit\u00e9 d&#8217;Andorre \u2013 Barreau de Catalogne)<\/p>\n\n\n\n<p>Actuellement en cours Master en Droit Maritime \u2013 Universitat Abad Oliva (Barcelone)<\/p>\n\n\n\n<p><\/p>\n\n\n\n<p>Chef de d\u00e9l\u00e9gation repr\u00e9sentant l&#8217;Andorre au GRECO (Groupe d&#8217;Etats contre la corruption) du Conseil de l&#8217;Europe &#8211; juin 2007 \u00e0 septembre 2009<\/p>\n\n\n<p>&nbsp;<\/p>","protected":false},"excerpt":{"rendered":"<p>&nbsp; Maria Isabel Lafoz J\u00f3dar Avocate et M\u00e9diatrice Avocate inscrite au Barreau d&#8217;Andorre sous le no. 183 M\u00e9diatrice inscrite au Registre des M\u00e9diateurs du Gouvernement d&#8217;Andorre sous le no. 7\/2019 Maitrise en Droit Priv\u00e9 mention Droit des Affaires a l\u2019Universit\u00e9 des Sciences Sociales de Toulouse (1990) Elle a d\u00e9velopp\u00e9 une [&hellip;]<\/p>\n","protected":false},"author":1,"featured_media":0,"parent":0,"menu_order":0,"comment_status":"closed","ping_status":"closed","template":"","meta":{"ub_ctt_via":"","footnotes":""},"class_list":["post-284","page","type-page","status-publish","hentry"],"featured_image_src":null,"_links":{"self":[{"href":"https:\/\/ml-advocats.com\/index.php\/wp-json\/wp\/v2\/pages\/284","targetHints":{"allow":["GET"]}}],"collection":[{"href":"https:\/\/ml-advocats.com\/index.php\/wp-json\/wp\/v2\/pages"}],"about":[{"href":"https:\/\/ml-advocats.com\/index.php\/wp-json\/wp\/v2\/types\/page"}],"author":[{"embeddable":true,"href":"https:\/\/ml-advocats.com\/index.php\/wp-json\/wp\/v2\/users\/1"}],"replies":[{"embeddable":true,"href":"https:\/\/ml-advocats.com\/index.php\/wp-json\/wp\/v2\/comments?post=284"}],"version-history":[{"count":4,"href":"https:\/\/ml-advocats.com\/index.php\/wp-json\/wp\/v2\/pages\/284\/revisions"}],"predecessor-version":[{"id":335,"href":"https:\/\/ml-advocats.com\/index.php\/wp-json\/wp\/v2\/pages\/284\/revisions\/335"}],"wp:attachment":[{"href":"https:\/\/ml-advocats.com\/index.php\/wp-json\/wp\/v2\/media?parent=284"}],"curies":[{"name":"wp","href":"https:\/\/api.w.org\/{rel}","templated":true}]}}